{"id":5,"date":"2023-01-11T11:21:13","date_gmt":"2023-01-11T11:21:13","guid":{"rendered":"https:\/\/serinda.ch\/?page_id=5"},"modified":"2025-05-23T10:03:53","modified_gmt":"2025-05-23T10:03:53","slug":"home","status":"publish","type":"page","link":"https:\/\/serinda.ch\/","title":{"rendered":"Home"},"content":{"rendered":"\t\t<div data-elementor-type=\"wp-page\" data-elementor-id=\"5\" class=\"elementor elementor-5\" data-elementor-post-type=\"page\">\n\t\t\t\t\t\t<section class=\"elementor-section elementor-top-section elementor-element elementor-element-d348539 elementor-section-boxed elementor-section-height-default elementor-section-height-default\" data-id=\"d348539\" data-element_type=\"section\" data-e-type=\"section\" data-settings=\"{&quot;background_background&quot;:&quot;classic&quot;}\">\n\t\t\t\t\t\t\t<div class=\"elementor-background-overlay\"><\/div>\n\t\t\t\t\t\t\t<div class=\"elementor-container elementor-column-gap-extended\">\n\t\t\t\t\t<div class=\"elementor-column elementor-col-25 elementor-top-column elementor-element elementor-element-c994306\" data-id=\"c994306\" data-element_type=\"column\" data-e-type=\"column\">\n\t\t\t<div class=\"elementor-widget-wrap\">\n\t\t\t\t\t\t\t<\/div>\n\t\t<\/div>\n\t\t\t\t<div class=\"elementor-column elementor-col-25 elementor-top-column elementor-element elementor-element-5c543c7\" data-id=\"5c543c7\" data-element_type=\"column\" data-e-type=\"column\">\n\t\t\t<div class=\"elementor-widget-wrap elementor-element-populated\">\n\t\t\t\t\t\t<div class=\"elementor-element elementor-element-a8db1d8 elementor-widget__width-initial elementor-widget elementor-widget-heading\" data-id=\"a8db1d8\" data-element_type=\"widget\" data-e-type=\"widget\" data-widget_type=\"heading.default\">\n\t\t\t\t<div class=\"elementor-widget-container\">\n\t\t\t\t\t<h2 class=\"elementor-heading-title elementor-size-medium\">Alles Seide<\/h2>\t\t\t\t<\/div>\n\t\t\t\t<\/div>\n\t\t\t\t<div class=\"elementor-element elementor-element-61b32eb elementor-widget__width-initial elementor-widget elementor-widget-heading\" data-id=\"61b32eb\" data-element_type=\"widget\" data-e-type=\"widget\" data-widget_type=\"heading.default\">\n\t\t\t\t<div class=\"elementor-widget-container\">\n\t\t\t\t\t<h2 class=\"elementor-heading-title elementor-size-default\">Eine Zeitreise<\/h2>\t\t\t\t<\/div>\n\t\t\t\t<\/div>\n\t\t\t\t<div class=\"elementor-element elementor-element-4eff8ca elementor-widget__width-initial elementor-widget-tablet__width-initial elementor-widget elementor-widget-text-editor\" data-id=\"4eff8ca\" data-element_type=\"widget\" data-e-type=\"widget\" data-widget_type=\"text-editor.default\">\n\t\t\t\t<div class=\"elementor-widget-container\">\n\t\t\t\t\t\t\t\t\t<p><strong>Von Gersau<\/strong><\/p><p><strong>vormals \u2039Kleinste Republik der Welt\u203a &#8230;<\/strong><\/p>\t\t\t\t\t\t\t\t<\/div>\n\t\t\t\t<\/div>\n\t\t\t\t<div class=\"elementor-element elementor-element-4521628 animated-slow elementor-widget-tablet__width-initial elementor-widget__width-initial elementor-invisible elementor-widget elementor-widget-image\" data-id=\"4521628\" data-element_type=\"widget\" data-e-type=\"widget\" data-settings=\"{&quot;_animation&quot;:&quot;fadeIn&quot;,&quot;_animation_delay&quot;:200}\" data-widget_type=\"image.default\">\n\t\t\t\t<div class=\"elementor-widget-container\">\n\t\t\t\t\t\t\t\t\t\t\t\t\t\t\t<img fetchpriority=\"high\" decoding=\"async\" width=\"768\" height=\"530\" src=\"https:\/\/serinda.ch\/wp-content\/uploads\/2023\/01\/Gersau-1760-768x530.jpg\" class=\"attachment-medium_large size-medium_large wp-image-71\" alt=\"\" srcset=\"https:\/\/serinda.ch\/wp-content\/uploads\/2023\/01\/Gersau-1760-768x530.jpg 768w, https:\/\/serinda.ch\/wp-content\/uploads\/2023\/01\/Gersau-1760-300x207.jpg 300w, https:\/\/serinda.ch\/wp-content\/uploads\/2023\/01\/Gersau-1760-1024x707.jpg 1024w, https:\/\/serinda.ch\/wp-content\/uploads\/2023\/01\/Gersau-1760-1536x1061.jpg 1536w, https:\/\/serinda.ch\/wp-content\/uploads\/2023\/01\/Gersau-1760-2048x1414.jpg 2048w\" sizes=\"(max-width: 768px) 100vw, 768px\" \/>\t\t\t\t\t\t\t\t\t\t\t\t\t\t\t<\/div>\n\t\t\t\t<\/div>\n\t\t\t\t<div class=\"elementor-element elementor-element-21e12e4 elementor-widget-tablet__width-initial elementor-widget__width-initial elementor-widget elementor-widget-text-editor\" data-id=\"21e12e4\" data-element_type=\"widget\" data-e-type=\"widget\" data-widget_type=\"text-editor.default\">\n\t\t\t\t<div class=\"elementor-widget-container\">\n\t\t\t\t\t\t\t\t\t<p><strong>Recherchiert und erz\u00e4hlt von <\/strong><\/p><p><strong>Gerhard Camenzind<\/strong><\/p>\t\t\t\t\t\t\t\t<\/div>\n\t\t\t\t<\/div>\n\t\t\t\t\t<\/div>\n\t\t<\/div>\n\t\t\t\t<div class=\"elementor-column elementor-col-25 elementor-top-column elementor-element elementor-element-f1aa42b\" data-id=\"f1aa42b\" data-element_type=\"column\" data-e-type=\"column\">\n\t\t\t<div class=\"elementor-widget-wrap elementor-element-populated\">\n\t\t\t\t\t\t<div class=\"elementor-element elementor-element-43c450b elementor-widget__width-initial elementor-widget elementor-widget-text-editor\" data-id=\"43c450b\" data-element_type=\"widget\" data-e-type=\"widget\" data-widget_type=\"text-editor.default\">\n\t\t\t\t<div class=\"elementor-widget-container\">\n\t\t\t\t\t\t\t\t\t<p style=\"text-align: center;\">nach China<\/p><p style=\"text-align: center;\">und zur\u00fcck<\/p>\t\t\t\t\t\t\t\t<\/div>\n\t\t\t\t<\/div>\n\t\t\t\t<div class=\"elementor-element elementor-element-ae94126 animated-slow elementor-widget-tablet__width-initial elementor-widget__width-initial elementor-invisible elementor-widget elementor-widget-image\" data-id=\"ae94126\" data-element_type=\"widget\" data-e-type=\"widget\" data-settings=\"{&quot;_animation&quot;:&quot;fadeIn&quot;,&quot;_animation_delay&quot;:200}\" data-widget_type=\"image.default\">\n\t\t\t\t<div class=\"elementor-widget-container\">\n\t\t\t\t\t\t\t\t\t\t\t\t\t\t\t<img decoding=\"async\" width=\"768\" height=\"881\" src=\"https:\/\/serinda.ch\/wp-content\/uploads\/2023\/01\/XI-LING-SHI-frei-1-768x881.jpg\" class=\"attachment-medium_large size-medium_large wp-image-263\" alt=\"\" srcset=\"https:\/\/serinda.ch\/wp-content\/uploads\/2023\/01\/XI-LING-SHI-frei-1-768x881.jpg 768w, https:\/\/serinda.ch\/wp-content\/uploads\/2023\/01\/XI-LING-SHI-frei-1-261x300.jpg 261w, https:\/\/serinda.ch\/wp-content\/uploads\/2023\/01\/XI-LING-SHI-frei-1-892x1024.jpg 892w, https:\/\/serinda.ch\/wp-content\/uploads\/2023\/01\/XI-LING-SHI-frei-1-1339x1536.jpg 1339w, https:\/\/serinda.ch\/wp-content\/uploads\/2023\/01\/XI-LING-SHI-frei-1-1785x2048.jpg 1785w\" sizes=\"(max-width: 768px) 100vw, 768px\" \/>\t\t\t\t\t\t\t\t\t\t\t\t\t\t\t<\/div>\n\t\t\t\t<\/div>\n\t\t\t\t<div class=\"elementor-element elementor-element-3915aa9 elementor-widget__width-initial elementor-widget elementor-widget-text-editor\" data-id=\"3915aa9\" data-element_type=\"widget\" data-e-type=\"widget\" data-widget_type=\"text-editor.default\">\n\t\t\t\t<div class=\"elementor-widget-container\">\n\t\t\t\t\t\t\t\t\t<p><strong><span style=\"font-family: inherit; font-size: 1rem; letter-spacing: 0px;\">Chinas Seideng\u00f6ttin<\/span><\/strong><\/p><p><strong><span style=\"font-family: inherit; font-size: 1rem; letter-spacing: 0px;\">XI Ling Shi<\/span><\/strong><\/p>\t\t\t\t\t\t\t\t<\/div>\n\t\t\t\t<\/div>\n\t\t\t\t\t<\/div>\n\t\t<\/div>\n\t\t\t\t<div class=\"elementor-column elementor-col-25 elementor-top-column elementor-element elementor-element-96a903a\" data-id=\"96a903a\" data-element_type=\"column\" data-e-type=\"column\">\n\t\t\t<div class=\"elementor-widget-wrap\">\n\t\t\t\t\t\t\t<\/div>\n\t\t<\/div>\n\t\t\t\t\t<\/div>\n\t\t<\/section>\n\t\t\t\t<section class=\"elementor-section elementor-top-section elementor-element elementor-element-d0caa32 elementor-section-boxed elementor-section-height-default elementor-section-height-default\" data-id=\"d0caa32\" data-element_type=\"section\" data-e-type=\"section\" data-settings=\"{&quot;background_background&quot;:&quot;gradient&quot;}\">\n\t\t\t\t\t\t\t<div class=\"elementor-background-overlay\"><\/div>\n\t\t\t\t\t\t\t<div class=\"elementor-container elementor-column-gap-default\">\n\t\t\t\t\t<div class=\"elementor-column elementor-col-16 elementor-top-column elementor-element elementor-element-e0ff3f4\" data-id=\"e0ff3f4\" data-element_type=\"column\" data-e-type=\"column\">\n\t\t\t<div class=\"elementor-widget-wrap\">\n\t\t\t\t\t\t\t<\/div>\n\t\t<\/div>\n\t\t\t\t<div class=\"elementor-column elementor-col-66 elementor-top-column elementor-element elementor-element-916014b\" data-id=\"916014b\" data-element_type=\"column\" data-e-type=\"column\" data-settings=\"{&quot;background_background&quot;:&quot;gradient&quot;}\">\n\t\t\t<div class=\"elementor-widget-wrap elementor-element-populated\">\n\t\t\t\t\t\t<div class=\"elementor-element elementor-element-7a2ceab elementor-widget__width-inherit elementor-widget-tablet__width-initial elementor-widget elementor-widget-text-editor\" data-id=\"7a2ceab\" data-element_type=\"widget\" data-e-type=\"widget\" data-widget_type=\"text-editor.default\">\n\t\t\t\t<div class=\"elementor-widget-container\">\n\t\t\t\t\t\t\t\t\t<p>\u00abIch habe Ihr Seidenbuch mit gr\u00f6sstem Vergn\u00fcgen und ebenso reicher wie vielseitiger Belehrung gelesen. Es verbindet historische Pr\u00e4zision und kritische Reflexion mit einem Erz\u00e4hlduktus, der immerzu neue Interessen weckt und einen spielend bei der Stange h\u00e4lt. Kultur- und wirtschaftsgeschichtlich ist das Werk eine Goldgrube f\u00fcr die ganze Innerschweiz.\u00bb<\/p><p><strong>Peter von Matt<\/strong><\/p>\t\t\t\t\t\t\t\t<\/div>\n\t\t\t\t<\/div>\n\t\t\t\t\t<\/div>\n\t\t<\/div>\n\t\t\t\t<div class=\"elementor-column elementor-col-16 elementor-top-column elementor-element elementor-element-ec2c371\" data-id=\"ec2c371\" data-element_type=\"column\" data-e-type=\"column\">\n\t\t\t<div class=\"elementor-widget-wrap\">\n\t\t\t\t\t\t\t<\/div>\n\t\t<\/div>\n\t\t\t\t\t<\/div>\n\t\t<\/section>\n\t\t\t\t<\/div>\n\t\t","protected":false},"excerpt":{"rendered":"<p>Alles Seide Eine Zeitreise Von Gersau vormals \u2039Kleinste Republik der Welt\u203a &#8230; Recherchiert und erz\u00e4hlt von Gerhard Camenzind nach China und zur\u00fcck Chinas Seideng\u00f6ttin XI Ling Shi \u00abIch habe Ihr Seidenbuch mit gr\u00f6sstem Vergn\u00fcgen und ebenso reicher wie vielseitiger Belehrung gelesen. Es verbindet historische Pr\u00e4zision und kritische Reflexion mit einem Erz\u00e4hlduktus, der immerzu neue Interessen [&hellip;]<\/p>\n","protected":false},"author":1,"featured_media":0,"parent":0,"menu_order":0,"comment_status":"closed","ping_status":"closed","template":"elementor_header_footer","meta":{"footnotes":""},"class_list":["post-5","page","type-page","status-publish","hentry"],"_links":{"self":[{"href":"https:\/\/serinda.ch\/index.php?rest_route=\/wp\/v2\/pages\/5","targetHints":{"allow":["GET"]}}],"collection":[{"href":"https:\/\/serinda.ch\/index.php?rest_route=\/wp\/v2\/pages"}],"about":[{"href":"https:\/\/serinda.ch\/index.php?rest_route=\/wp\/v2\/types\/page"}],"author":[{"embeddable":true,"href":"https:\/\/serinda.ch\/index.php?rest_route=\/wp\/v2\/users\/1"}],"replies":[{"embeddable":true,"href":"https:\/\/serinda.ch\/index.php?rest_route=%2Fwp%2Fv2%2Fcomments&post=5"}],"version-history":[{"count":1172,"href":"https:\/\/serinda.ch\/index.php?rest_route=\/wp\/v2\/pages\/5\/revisions"}],"predecessor-version":[{"id":3287,"href":"https:\/\/serinda.ch\/index.php?rest_route=\/wp\/v2\/pages\/5\/revisions\/3287"}],"wp:attachment":[{"href":"https:\/\/serinda.ch\/index.php?rest_route=%2Fwp%2Fv2%2Fmedia&parent=5"}],"curies":[{"name":"wp","href":"https:\/\/api.w.org\/{rel}","templated":true}]}}