{"id":50,"date":"2023-01-12T13:24:25","date_gmt":"2023-01-12T13:24:25","guid":{"rendered":"https:\/\/serinda.ch\/?page_id=50"},"modified":"2026-03-17T09:36:20","modified_gmt":"2026-03-17T09:36:20","slug":"das-buch","status":"publish","type":"page","link":"https:\/\/serinda.ch\/?page_id=50","title":{"rendered":"Das Buch"},"content":{"rendered":"\t\t<div data-elementor-type=\"wp-page\" data-elementor-id=\"50\" class=\"elementor elementor-50\" data-elementor-post-type=\"page\">\n\t\t\t\t\t\t<section class=\"elementor-section elementor-top-section elementor-element elementor-element-077cbb4 elementor-section-boxed elementor-section-height-default elementor-section-height-default\" data-id=\"077cbb4\" data-element_type=\"section\" data-e-type=\"section\" data-settings=\"{&quot;background_background&quot;:&quot;gradient&quot;}\">\n\t\t\t\t\t\t<div class=\"elementor-container elementor-column-gap-default\">\n\t\t\t\t\t<div class=\"elementor-column elementor-col-25 elementor-top-column elementor-element elementor-element-f83a524\" data-id=\"f83a524\" data-element_type=\"column\" data-e-type=\"column\">\n\t\t\t<div class=\"elementor-widget-wrap elementor-element-populated\">\n\t\t\t\t\t\t<div class=\"elementor-element elementor-element-7e6ecd0 elementor-widget elementor-widget-button\" data-id=\"7e6ecd0\" data-element_type=\"widget\" data-e-type=\"widget\" data-widget_type=\"button.default\">\n\t\t\t\t<div class=\"elementor-widget-container\">\n\t\t\t\t\t\t\t\t\t<div class=\"elementor-button-wrapper\">\n\t\t\t\t\t<a class=\"elementor-button elementor-button-link elementor-size-sm\" href=\"https:\/\/serinda.ch\/?page_id=785\" target=\"_blank\">\n\t\t\t\t\t\t<span class=\"elementor-button-content-wrapper\">\n\t\t\t\t\t\t\t\t\t<span class=\"elementor-button-text\"> Kaufen<\/span>\n\t\t\t\t\t<\/span>\n\t\t\t\t\t<\/a>\n\t\t\t\t<\/div>\n\t\t\t\t\t\t\t\t<\/div>\n\t\t\t\t<\/div>\n\t\t\t\t\t<\/div>\n\t\t<\/div>\n\t\t\t\t<div class=\"elementor-column elementor-col-25 elementor-top-column elementor-element elementor-element-73f057a elementor-invisible\" data-id=\"73f057a\" data-element_type=\"column\" data-e-type=\"column\" data-settings=\"{&quot;animation&quot;:&quot;fadeIn&quot;,&quot;animation_delay&quot;:500}\">\n\t\t\t<div class=\"elementor-widget-wrap elementor-element-populated\">\n\t\t\t\t\t\t<div class=\"elementor-element elementor-element-a87d2e0 elementor-widget elementor-widget-image\" data-id=\"a87d2e0\" data-element_type=\"widget\" data-e-type=\"widget\" data-settings=\"{&quot;_animation&quot;:&quot;none&quot;}\" data-widget_type=\"image.default\">\n\t\t\t\t<div class=\"elementor-widget-container\">\n\t\t\t\t\t\t\t\t\t\t\t\t\t\t\t<img fetchpriority=\"high\" decoding=\"async\" width=\"768\" height=\"1088\" src=\"https:\/\/serinda.ch\/wp-content\/uploads\/2023\/01\/Buchtitel-768x1088.png\" class=\"attachment-medium_large size-medium_large wp-image-315\" alt=\"\" srcset=\"https:\/\/serinda.ch\/wp-content\/uploads\/2023\/01\/Buchtitel-768x1088.png 768w, https:\/\/serinda.ch\/wp-content\/uploads\/2023\/01\/Buchtitel-212x300.png 212w, https:\/\/serinda.ch\/wp-content\/uploads\/2023\/01\/Buchtitel-723x1024.png 723w, https:\/\/serinda.ch\/wp-content\/uploads\/2023\/01\/Buchtitel-1084x1536.png 1084w, https:\/\/serinda.ch\/wp-content\/uploads\/2023\/01\/Buchtitel.png 1266w\" sizes=\"(max-width: 768px) 100vw, 768px\" \/>\t\t\t\t\t\t\t\t\t\t\t\t\t\t\t<\/div>\n\t\t\t\t<\/div>\n\t\t\t\t\t<\/div>\n\t\t<\/div>\n\t\t\t\t<div class=\"elementor-column elementor-col-25 elementor-top-column elementor-element elementor-element-22d4e76\" data-id=\"22d4e76\" data-element_type=\"column\" data-e-type=\"column\">\n\t\t\t<div class=\"elementor-widget-wrap elementor-element-populated\">\n\t\t\t\t\t\t<div class=\"elementor-element elementor-element-4b78bc4 elementor-widget elementor-widget-text-editor\" data-id=\"4b78bc4\" data-element_type=\"widget\" data-e-type=\"widget\" data-widget_type=\"text-editor.default\">\n\t\t\t\t<div class=\"elementor-widget-container\">\n\t\t\t\t\t\t\t\t\t<p>Kommen Sie mit\u00a0auf die <strong>Seidenstrass<\/strong>e, im Tross der Karawanen Richtung Westen, wo schon Alexander der Grosse vergeblich sich bem\u00fcht, dem Geheimnis der Seidenherstellung auf die Spur zu kommen. Das antike Rom sogar bereit, f\u00fcr ein Kilo Seide ein Kilo Gold hinzulegen, nur leider ohne geringste Ahnung, wie man sie selber produzieren k\u00f6nnte.\u00a0<\/p><p>Noch sollte es \u00fcber 500 Jahre dauern, bis die besagten M\u00f6nche aus <strong>Serinda<\/strong> dem Unwissen ein Ende setzen, als sie in Konstantinopel am kaiserlichen Hof aufkreuzen, in ihren Wanderst\u00e4ben winzig kleine Eier, darin das ganze Geheimnis der Seidenherstellung.<\/p><p>F\u00fcr das<strong> sp\u00e4tr\u00f6mische Byzanz<\/strong> ein Geschenk des Himmels, nun selber in der Lage, eine eigene Seidenproduktion aufzubauen, zudem aber auch sich aus der Abh\u00e4ngigkeit Chinas sowie des ruin\u00f6sen persischen Zwischenhandels zu befreien.\u00a0<\/p>\t\t\t\t\t\t\t\t<\/div>\n\t\t\t\t<\/div>\n\t\t\t\t\t<\/div>\n\t\t<\/div>\n\t\t\t\t<div class=\"elementor-column elementor-col-25 elementor-top-column elementor-element elementor-element-a978780\" data-id=\"a978780\" data-element_type=\"column\" data-e-type=\"column\">\n\t\t\t<div class=\"elementor-widget-wrap\">\n\t\t\t\t\t\t\t<\/div>\n\t\t<\/div>\n\t\t\t\t\t<\/div>\n\t\t<\/section>\n\t\t\t\t<section class=\"elementor-section elementor-top-section elementor-element elementor-element-d8384ea elementor-section-boxed elementor-section-height-default elementor-section-height-default\" data-id=\"d8384ea\" data-element_type=\"section\" data-e-type=\"section\" data-settings=\"{&quot;background_background&quot;:&quot;gradient&quot;}\">\n\t\t\t\t\t\t<div class=\"elementor-container elementor-column-gap-default\">\n\t\t\t\t\t<div class=\"elementor-column elementor-col-25 elementor-top-column elementor-element elementor-element-65d82b5\" data-id=\"65d82b5\" data-element_type=\"column\" data-e-type=\"column\">\n\t\t\t<div class=\"elementor-widget-wrap\">\n\t\t\t\t\t\t\t<\/div>\n\t\t<\/div>\n\t\t\t\t<div class=\"elementor-column elementor-col-25 elementor-top-column elementor-element elementor-element-c648ea1\" data-id=\"c648ea1\" data-element_type=\"column\" data-e-type=\"column\">\n\t\t\t<div class=\"elementor-widget-wrap elementor-element-populated\">\n\t\t\t\t\t\t<div class=\"elementor-element elementor-element-4bc9788 elementor-widget elementor-widget-image\" data-id=\"4bc9788\" data-element_type=\"widget\" data-e-type=\"widget\" data-settings=\"{&quot;_animation&quot;:&quot;none&quot;}\" data-widget_type=\"image.default\">\n\t\t\t\t<div class=\"elementor-widget-container\">\n\t\t\t\t\t\t\t\t\t\t\t\t<figure class=\"wp-caption\">\n\t\t\t\t\t\t\t\t\t\t<img decoding=\"async\" width=\"768\" height=\"530\" src=\"https:\/\/serinda.ch\/wp-content\/uploads\/2023\/01\/Gersau-1760-768x530.jpg\" class=\"attachment-medium_large size-medium_large wp-image-71\" alt=\"\" srcset=\"https:\/\/serinda.ch\/wp-content\/uploads\/2023\/01\/Gersau-1760-768x530.jpg 768w, https:\/\/serinda.ch\/wp-content\/uploads\/2023\/01\/Gersau-1760-300x207.jpg 300w, https:\/\/serinda.ch\/wp-content\/uploads\/2023\/01\/Gersau-1760-1024x707.jpg 1024w, https:\/\/serinda.ch\/wp-content\/uploads\/2023\/01\/Gersau-1760-1536x1061.jpg 1536w, https:\/\/serinda.ch\/wp-content\/uploads\/2023\/01\/Gersau-1760-2048x1414.jpg 2048w\" sizes=\"(max-width: 768px) 100vw, 768px\" \/>\t\t\t\t\t\t\t\t\t\t\t<figcaption class=\"widget-image-caption wp-caption-text\">Gersau 1760<\/figcaption>\n\t\t\t\t\t\t\t\t\t\t<\/figure>\n\t\t\t\t\t\t\t\t\t<\/div>\n\t\t\t\t<\/div>\n\t\t\t\t\t<\/div>\n\t\t<\/div>\n\t\t\t\t<div class=\"elementor-column elementor-col-25 elementor-top-column elementor-element elementor-element-899806b\" data-id=\"899806b\" data-element_type=\"column\" data-e-type=\"column\">\n\t\t\t<div class=\"elementor-widget-wrap elementor-element-populated\">\n\t\t\t\t\t\t<div class=\"elementor-element elementor-element-fc265bc elementor-widget elementor-widget-text-editor\" data-id=\"fc265bc\" data-element_type=\"widget\" data-e-type=\"widget\" data-widget_type=\"text-editor.default\">\n\t\t\t\t<div class=\"elementor-widget-container\">\n\t\t\t\t\t\t\t\t\t<p>Noch aber ist es ein <strong>langer Weg<\/strong>, bis das edle Gespinst aus dem Mittelmeerraum die Alpen \u00fcberquert und auch ein <strong>kleines Dorf in der Innerschweiz<\/strong> erreicht, das sich nun in der Seidenindustrie einen Namen macht. Angekommen auf einem Weg, der<strong> 5000 Jahre<\/strong> zur\u00fcckreicht. Ihn zu erkunden, ein faszinierendes Abenteuer.<\/p>\t\t\t\t\t\t\t\t<\/div>\n\t\t\t\t<\/div>\n\t\t\t\t\t<\/div>\n\t\t<\/div>\n\t\t\t\t<div class=\"elementor-column elementor-col-25 elementor-top-column elementor-element elementor-element-1fbd490\" data-id=\"1fbd490\" data-element_type=\"column\" data-e-type=\"column\">\n\t\t\t<div class=\"elementor-widget-wrap elementor-element-populated\">\n\t\t\t\t\t\t<div class=\"elementor-element elementor-element-fbd2fb2 elementor-widget elementor-widget-text-editor\" data-id=\"fbd2fb2\" data-element_type=\"widget\" data-e-type=\"widget\" data-widget_type=\"text-editor.default\">\n\t\t\t\t<div class=\"elementor-widget-container\">\n\t\t\t\t\t\t\t\t\t<p>Noch aber ist es ein langer Weg, bis das feine Gespinst aus dem Mittelmeerraum die Alpen \u00fcberquert und auch ein kleines Dorf in der Innerschweiz erreicht. Angekommen auf einem Weg, der 5000 Jahre zur\u00fcckreicht. Ihn zu erkunden, ein faszinierendes Abenteuer.<\/p>\t\t\t\t\t\t\t\t<\/div>\n\t\t\t\t<\/div>\n\t\t\t\t\t<\/div>\n\t\t<\/div>\n\t\t\t\t\t<\/div>\n\t\t<\/section>\n\t\t\t\t<section class=\"elementor-section elementor-top-section elementor-element elementor-element-cd3f192 elementor-section-boxed elementor-section-height-default elementor-section-height-default\" data-id=\"cd3f192\" data-element_type=\"section\" data-e-type=\"section\" data-settings=\"{&quot;background_background&quot;:&quot;gradient&quot;}\">\n\t\t\t\t\t\t<div class=\"elementor-container elementor-column-gap-default\">\n\t\t\t\t\t<div class=\"elementor-column elementor-col-25 elementor-top-column elementor-element elementor-element-efbfef6\" data-id=\"efbfef6\" data-element_type=\"column\" data-e-type=\"column\">\n\t\t\t<div class=\"elementor-widget-wrap\">\n\t\t\t\t\t\t\t<\/div>\n\t\t<\/div>\n\t\t\t\t<div class=\"elementor-column elementor-col-25 elementor-top-column elementor-element elementor-element-22c4807\" data-id=\"22c4807\" data-element_type=\"column\" data-e-type=\"column\">\n\t\t\t<div class=\"elementor-widget-wrap elementor-element-populated\">\n\t\t\t\t\t\t<div class=\"elementor-element elementor-element-4eed57a elementor-widget elementor-widget-image\" data-id=\"4eed57a\" data-element_type=\"widget\" data-e-type=\"widget\" data-settings=\"{&quot;_animation&quot;:&quot;none&quot;}\" data-widget_type=\"image.default\">\n\t\t\t\t<div class=\"elementor-widget-container\">\n\t\t\t\t\t\t\t\t\t\t\t\t<figure class=\"wp-caption\">\n\t\t\t\t\t\t\t\t\t\t\t<a href=\"https:\/\/serinda.ch\/wp-content\/uploads\/2024\/04\/Kroenungsmantel-BG.png\" data-elementor-open-lightbox=\"yes\" data-elementor-lightbox-title=\"Kr\u00f6nungsmantel BG\" data-e-action-hash=\"#elementor-action%3Aaction%3Dlightbox%26settings%3DeyJpZCI6MjgwMSwidXJsIjoiaHR0cHM6XC9cL3NlcmluZGEuY2hcL3dwLWNvbnRlbnRcL3VwbG9hZHNcLzIwMjRcLzA0XC9Lcm9lbnVuZ3NtYW50ZWwtQkcucG5nIn0%3D\">\n\t\t\t\t\t\t\t<img decoding=\"async\" width=\"768\" height=\"358\" src=\"https:\/\/serinda.ch\/wp-content\/uploads\/2024\/04\/Kroenungsmantel-BG-768x358.png\" class=\"attachment-medium_large size-medium_large wp-image-2801\" alt=\"\" srcset=\"https:\/\/serinda.ch\/wp-content\/uploads\/2024\/04\/Kroenungsmantel-BG-768x358.png 768w, https:\/\/serinda.ch\/wp-content\/uploads\/2024\/04\/Kroenungsmantel-BG-300x140.png 300w, https:\/\/serinda.ch\/wp-content\/uploads\/2024\/04\/Kroenungsmantel-BG-1024x477.png 1024w, https:\/\/serinda.ch\/wp-content\/uploads\/2024\/04\/Kroenungsmantel-BG-1536x716.png 1536w, https:\/\/serinda.ch\/wp-content\/uploads\/2024\/04\/Kroenungsmantel-BG-2048x954.png 2048w\" sizes=\"(max-width: 768px) 100vw, 768px\" \/>\t\t\t\t\t\t\t\t<\/a>\n\t\t\t\t\t\t\t\t\t\t\t<figcaption class=\"widget-image-caption wp-caption-text\">Vom Seidenmantel aus Sizilien zum Kr\u00f6nungsmantel der deutschen Kaiser<\/figcaption>\n\t\t\t\t\t\t\t\t\t\t<\/figure>\n\t\t\t\t\t\t\t\t\t<\/div>\n\t\t\t\t<\/div>\n\t\t\t\t\t<\/div>\n\t\t<\/div>\n\t\t\t\t<div class=\"elementor-column elementor-col-25 elementor-top-column elementor-element elementor-element-7c552d3\" data-id=\"7c552d3\" data-element_type=\"column\" data-e-type=\"column\">\n\t\t\t<div class=\"elementor-widget-wrap elementor-element-populated\">\n\t\t\t\t\t\t<div class=\"elementor-element elementor-element-fdfec31 elementor-widget elementor-widget-text-editor\" data-id=\"fdfec31\" data-element_type=\"widget\" data-e-type=\"widget\" data-widget_type=\"text-editor.default\">\n\t\t\t\t<div class=\"elementor-widget-container\">\n\t\t\t\t\t\t\t\t\t<p>Und mittendrin ein <strong>Seidenmantel<\/strong> \u00a0f\u00fcr einen<strong>\u00a0K\u00f6nig aus Sizilien<\/strong>, gefertigt von <strong>arabischen Muslimen<\/strong>. Was am Schnittpunkt von Orient und Okziden<strong>t<\/strong> von einer verbl\u00fcffend unbeschwerten Beziehung \u00a0zwischen den beiden Kulturen zeugt, von keinerlei Ber\u00fchrungs\u00e4ngsten und Abwehrreflexen getr\u00fcbt. Besucher in der <strong>Wiener Hofburg<\/strong>, seinem heutigen Ausstellungsort, m\u00f6gen sich die Augen reiben, dass es kultur\u00fcbergreifend eine solche N\u00e4he zwischen beiden Religionen tats\u00e4chlich einmal gab.<\/p><p>Bis im Mahlstrom der Geschichte der seidene Ornat aus Sizilien zum <b>Kro\u0308nungsmantel <\/b>der <strong>deutschen Kaiser<\/strong> avanciert \u2013 das arabisch-muslimische Erbe gezielt daraus verdra\u0308ngt \u2013 nunmehr ganz im Zeichen einer <strong>Zeitenwende<\/strong>, wo sich mit den <strong>Kreuzzu\u0308gen<\/strong> das folgenschwerste Verha\u0308ngnis zwischen Islam und Christentum zusammenbraut, dessen gewaltige Erschu\u0308tterungen bis in unsere Zeit nachhallen.<\/p>\t\t\t\t\t\t\t\t<\/div>\n\t\t\t\t<\/div>\n\t\t\t\t\t<\/div>\n\t\t<\/div>\n\t\t\t\t<div class=\"elementor-column elementor-col-25 elementor-top-column elementor-element elementor-element-e67f32b\" data-id=\"e67f32b\" data-element_type=\"column\" data-e-type=\"column\">\n\t\t\t<div class=\"elementor-widget-wrap\">\n\t\t\t\t\t\t\t<\/div>\n\t\t<\/div>\n\t\t\t\t\t<\/div>\n\t\t<\/section>\n\t\t\t\t<\/div>\n\t\t","protected":false},"excerpt":{"rendered":"<p>Kaufen Kommen Sie mit\u00a0auf die Seidenstrasse, im Tross der Karawanen Richtung Westen, wo schon Alexander der Grosse vergeblich sich bem\u00fcht, dem Geheimnis der Seidenherstellung auf die Spur zu kommen. Das antike Rom sogar bereit, f\u00fcr ein Kilo Seide ein Kilo Gold hinzulegen, nur leider ohne geringste Ahnung, wie man sie selber produzieren k\u00f6nnte.\u00a0 Noch sollte [&hellip;]<\/p>\n","protected":false},"author":1,"featured_media":0,"parent":0,"menu_order":0,"comment_status":"closed","ping_status":"closed","template":"","meta":{"footnotes":""},"class_list":["post-50","page","type-page","status-publish","hentry"],"_links":{"self":[{"href":"https:\/\/serinda.ch\/index.php?rest_route=\/wp\/v2\/pages\/50","targetHints":{"allow":["GET"]}}],"collection":[{"href":"https:\/\/serinda.ch\/index.php?rest_route=\/wp\/v2\/pages"}],"about":[{"href":"https:\/\/serinda.ch\/index.php?rest_route=\/wp\/v2\/types\/page"}],"author":[{"embeddable":true,"href":"https:\/\/serinda.ch\/index.php?rest_route=\/wp\/v2\/users\/1"}],"replies":[{"embeddable":true,"href":"https:\/\/serinda.ch\/index.php?rest_route=%2Fwp%2Fv2%2Fcomments&post=50"}],"version-history":[{"count":568,"href":"https:\/\/serinda.ch\/index.php?rest_route=\/wp\/v2\/pages\/50\/revisions"}],"predecessor-version":[{"id":3298,"href":"https:\/\/serinda.ch\/index.php?rest_route=\/wp\/v2\/pages\/50\/revisions\/3298"}],"wp:attachment":[{"href":"https:\/\/serinda.ch\/index.php?rest_route=%2Fwp%2Fv2%2Fmedia&parent=50"}],"curies":[{"name":"wp","href":"https:\/\/api.w.org\/{rel}","templated":true}]}}